{"id":22,"date":"2014-10-22T14:39:34","date_gmt":"2014-10-22T13:39:34","guid":{"rendered":"http:\/\/conf.rayvision.net\/?page_id=22"},"modified":"2014-10-22T15:58:17","modified_gmt":"2014-10-22T14:58:17","slug":"accueil","status":"publish","type":"page","link":"https:\/\/conf.rayvision.net\/?page_id=22","title":{"rendered":"Accueil"},"content":{"rendered":"<h2>Pri\u00e8re de\u00a0s\u00e9lectionner la page d\u00e9sir\u00e9e sur le menu du haut.<\/h2>\n","protected":false},"excerpt":{"rendered":"<p>Pri\u00e8re de\u00a0s\u00e9lectionner la page d\u00e9sir\u00e9e sur le menu du haut.<\/p>\n","protected":false},"author":1,"featured_media":0,"parent":0,"menu_order":1,"comment_status":"closed","ping_status":"closed","template":"page-templates\/full-width.php","meta":{"footnotes":""},"class_list":["post-22","page","type-page","status-publish","hentry"],"_links":{"self":[{"href":"https:\/\/conf.rayvision.net\/index.php?rest_route=\/wp\/v2\/pages\/22","targetHints":{"allow":["GET"]}}],"collection":[{"href":"https:\/\/conf.rayvision.net\/index.php?rest_route=\/wp\/v2\/pages"}],"about":[{"href":"https:\/\/conf.rayvision.net\/index.php?rest_route=\/wp\/v2\/types\/page"}],"author":[{"embeddable":true,"href":"https:\/\/conf.rayvision.net\/index.php?rest_route=\/wp\/v2\/users\/1"}],"replies":[{"embeddable":true,"href":"https:\/\/conf.rayvision.net\/index.php?rest_route=%2Fwp%2Fv2%2Fcomments&post=22"}],"version-history":[{"count":4,"href":"https:\/\/conf.rayvision.net\/index.php?rest_route=\/wp\/v2\/pages\/22\/revisions"}],"predecessor-version":[{"id":33,"href":"https:\/\/conf.rayvision.net\/index.php?rest_route=\/wp\/v2\/pages\/22\/revisions\/33"}],"wp:attachment":[{"href":"https:\/\/conf.rayvision.net\/index.php?rest_route=%2Fwp%2Fv2%2Fmedia&parent=22"}],"curies":[{"name":"wp","href":"https:\/\/api.w.org\/{rel}","templated":true}]}}